{"id":5771,"date":"2024-10-03T16:58:16","date_gmt":"2024-10-03T20:58:16","guid":{"rendered":"https:\/\/www.laguilde.quebec\/a-propos\/"},"modified":"2026-03-27T09:52:06","modified_gmt":"2026-03-27T13:52:06","slug":"about","status":"publish","type":"page","link":"https:\/\/www.laguilde.quebec\/en\/about\/","title":{"rendered":"About"},"content":{"rendered":"","protected":false},"excerpt":{"rendered":"","protected":false},"author":1,"featured_media":0,"parent":0,"menu_order":0,"comment_status":"closed","ping_status":"closed","template":"","meta":{"_acf_changed":false,"footnotes":""},"class_list":["post-5771","page","type-page","status-publish","hentry"],"acf":{"page_rows":[{"acf_fc_layout":"text_boxes","row_title":"","row_texts":[{"type":"texte","text_content":"<h2>About La Guilde du jeu vid\u00e9o du Qu\u00e9bec<\/h2>\r\nLa Guilde du jeu vid\u00e9o du Qu\u00e9bec is a non-profit cooperative that brings together independent and international video game developers, creators, educational institutions and related entrepreneurs based in Quebec. As the voice of over 340 members and a global industry leader, La Guilde is the largest cooperative of its kind in the world.","text_image":null,"plateforme":"","id_youtube":"","id_vimeo":"","taille_paragraphe":"normale","text_action":null,"style_du_lien":"btn"}],"row_id":"","background_color":"green","mode":"normal","row_padding_bottom":true,"encadre":false,"encadre_background_color":"white","row_couleur_texte":"noir"},{"acf_fc_layout":"text_boxes","row_title":"Our mission","row_texts":[{"type":"texte","text_content":"<h5>Mobilize<\/h5>\r\nWe bring together the video game business community through networking and learning events that bring together independent and international studios, service companies and educational institutions.","text_image":1639,"plateforme":"","id_youtube":"","id_vimeo":"","taille_paragraphe":"normale","text_action":null,"style_du_lien":"btn"},{"type":"texte","text_content":"<h5>Advocate<\/h5>\r\nWe represent Quebec\u2019s video game industry and contribute to its outreach to decision-makers and the general public at local, national and international levels.","text_image":7948,"plateforme":"","id_youtube":"","id_vimeo":"","taille_paragraphe":"normale","text_action":null,"style_du_lien":"btn"},{"type":"texte","text_content":"<h5>Propel<\/h5>\r\nWe propel local and international businesses to new heights through training programs in entrepreneurship, marketing and innovation, diversity, equity and inclusion initiatives, and by providing services to meet our members\u2019 needs.","text_image":6430,"plateforme":"","id_youtube":"","id_vimeo":"","taille_paragraphe":"normale","text_action":null,"style_du_lien":"btn"}],"row_id":"","background_color":"green","mode":"vignette","row_padding_bottom":true,"encadre":false,"encadre_background_color":"white","row_couleur_texte":"noir"},{"acf_fc_layout":"roulette","row_image":1597,"row_title":"Our values","row_mots":[{"mots":"Community"},{"mots":"Cooperation"},{"mots":"Innovation"},{"mots":"Creativity"},{"mots":"Inclusion"},{"mots":"Support"},{"mots":"Outreach"},{"mots":"Growth"}],"row_id":"","background_color":"green"},{"acf_fc_layout":"equipe","row_title":"Our team","row_description":"","membres":[{"photo":7328,"nom":"Jean-Jacques Hermans","poste":"Executive Director","telephone":"514 252-5007, ext. 101","courriel":"jeanjacques.hermans@laguilde.quebec"},{"photo":7330,"nom":"\u00c9milien Roscanu","poste":"Senior Director, Communications and Operations","telephone":"514 252-5007, ext. 102","courriel":"emilien.roscanu@laguilde.quebec"},{"photo":7332,"nom":"Sarah Gougeon","poste":"Director, Government Relations","telephone":"438 509-3154","courriel":"sarah.gougeon@laguilde.quebec"},{"photo":7334,"nom":"B\u00e9atrice Desjardins-Gagnon","poste":"Advisor, Diversity, Equity and Inclusion","telephone":"514 252-5007, ext. 105","courriel":"beatrice.desjardinsg@laguilde.quebec"},{"photo":7336,"nom":"Sandrine Pelletier","poste":"Senior Manager, Communications and Events","telephone":"514 252-5007, ext. 104","courriel":"sandrine.pelletier@laguilde.quebec"},{"photo":7324,"nom":"Nicolas Fillion-Roy","poste":"Senior Manager, Corporate relations and  member services","telephone":"514 252-5007, ext. 103","courriel":"nicolas.fillion-roy@laguilde.quebec"},{"photo":7530,"nom":"Raphael Merrette","poste":"Coordinator, Communications and Events","telephone":"514 252-5007, ext. 107","courriel":"raphael.merrette@laguilde.quebec"}],"row_id":"equipe","background_color":"white","row_mode":"photo"},{"acf_fc_layout":"equipe","row_title":"Board of Directors","row_description":"La Guilde\u2019s Board of Directors is composed of directors elected from among producer members at the Annual General Meeting. At Board meetings and through various committees, the directors play an active role in shaping the cooperative\u2019s strategic direction. ","membres":[{"photo":1900,"nom":"St\u00e9phanie Marchand","poste":"Behaviour Interactive, Chairwoman","telephone":"514 252-5007, poste 101","courriel":"jeanjacques.hermans@laguilde.quebec"},{"photo":6408,"nom":"Yves Bordeleau","poste":"Rogue Factor, Vice-Chairman","telephone":"514 252-5007, poste 102","courriel":"emilien.roscanu@laguilde.quebec"},{"photo":6214,"nom":"Simon Dansereau","poste":"Triple Boris, Treasurer","telephone":"514\u202f252-5007, poste 106","courriel":"sarah.gougeon@laguilde.quebec"},{"photo":5989,"nom":"Danny Lew","poste":"Electronic Arts, Executive Committee","telephone":"514 252-5007, poste 103","courriel":"tj.allard@laguilde.quebec"},{"photo":6230,"nom":"Chlo\u00e9 Lussier","poste":"Lowbirth Games, Executive committee","telephone":"514 252-5007, poste 105","courriel":"beatrice.desjardinsg@laguilde.quebec"},{"photo":6222,"nom":"Francis Baillet","poste":"Ubisoft, pr\u00e9sident comit\u00e9 relations gouvernementales","telephone":"514 252-5007, poste 104","courriel":"sandrine.pelletier@laguilde.quebec"},{"photo":5973,"nom":"Linda Duchaussoy","poste":"Eidos-Montr\u00e9al, pr\u00e9sidente comit\u00e9 communications","telephone":"","courriel":""},{"photo":7927,"nom":"David Fug\u00e8re-Lamarre","poste":"iLLOGIKA","telephone":"","courriel":""},{"photo":5979,"nom":"Christian Daigle","poste":"Frima","telephone":"","courriel":""},{"photo":7722,"nom":"Daniel Lara-Soberanis","poste":"Danjorous Games","telephone":"","courriel":""},{"photo":7734,"nom":"Jean-Sylvain Sormany","poste":"Groupe Keywords Studios","telephone":"","courriel":""},{"photo":6220,"nom":"Frederic McNamara","poste":"Studios Shishi","telephone":"","courriel":""},{"photo":5959,"nom":"Angela Mejia","poste":"CleverPlays","telephone":"","courriel":""},{"photo":6226,"nom":"Alexandre Rivet","poste":"Invoke","telephone":"","courriel":""},{"photo":6305,"nom":"R\u00e9mi Weiss","poste":"Gameloft","telephone":"","courriel":""},{"photo":6307,"nom":"\u00c9tienne Gosselin","poste":"Ryan, Affaires publiques, independant","telephone":"","courriel":""},{"photo":5961,"nom":"Julie St-Pierre","poste":"CFO on demand, independant","telephone":"","courriel":""},{"photo":7736,"nom":"William Dub\u00e9","poste":"Thunder Lotus, observer","telephone":"","courriel":""},{"photo":6216,"nom":"Jean-Nicolas Gibeault","poste":"Beenox, observer","telephone":"","courriel":""}],"row_id":"","background_color":"white","row_mode":"liste"},{"acf_fc_layout":"partenaires","row_title":"Our partners","classements":[85,86,87,91,227,88,89],"row_link":null,"row_id":"partenaires","background_color":"green"}]},"_links":{"self":[{"href":"https:\/\/www.laguilde.quebec\/en\/wp-json\/wp\/v2\/pages\/5771","targetHints":{"allow":["GET"]}}],"collection":[{"href":"https:\/\/www.laguilde.quebec\/en\/wp-json\/wp\/v2\/pages"}],"about":[{"href":"https:\/\/www.laguilde.quebec\/en\/wp-json\/wp\/v2\/types\/page"}],"author":[{"embeddable":true,"href":"https:\/\/www.laguilde.quebec\/en\/wp-json\/wp\/v2\/users\/1"}],"replies":[{"embeddable":true,"href":"https:\/\/www.laguilde.quebec\/en\/wp-json\/wp\/v2\/comments?post=5771"}],"version-history":[{"count":20,"href":"https:\/\/www.laguilde.quebec\/en\/wp-json\/wp\/v2\/pages\/5771\/revisions"}],"predecessor-version":[{"id":8133,"href":"https:\/\/www.laguilde.quebec\/en\/wp-json\/wp\/v2\/pages\/5771\/revisions\/8133"}],"wp:attachment":[{"href":"https:\/\/www.laguilde.quebec\/en\/wp-json\/wp\/v2\/media?parent=5771"}],"curies":[{"name":"wp","href":"https:\/\/api.w.org\/{rel}","templated":true}]}}