{"id":6150,"date":"2024-11-26T14:35:34","date_gmt":"2024-11-26T19:35:34","guid":{"rendered":"https:\/\/www.laguilde.quebec\/lexique-ludique\/"},"modified":"2024-11-26T15:09:15","modified_gmt":"2024-11-26T20:09:15","slug":"lexique-ludique","status":"publish","type":"page","link":"https:\/\/www.laguilde.quebec\/en\/lexique-ludique\/","title":{"rendered":"Lexique ludique"},"content":{"rendered":"","protected":false},"excerpt":{"rendered":"","protected":false},"author":1,"featured_media":0,"parent":0,"menu_order":0,"comment_status":"closed","ping_status":"closed","template":"","meta":{"_acf_changed":false,"footnotes":""},"class_list":["post-6150","page","type-page","status-publish","hentry"],"acf":{"page_rows":[{"acf_fc_layout":"image","row_image":6127,"row_id":"","background_color":"white"},{"acf_fc_layout":"text_boxes","row_title":"","row_texts":[{"type":"texte","text_content":"Le site web de\u00a0<a href=\"https:\/\/lexiqueludique.com\/\">www.lexiqueludique.com<\/a>\u00a0est une r\u00e9f\u00e9rence dans le milieu du jeu vid\u00e9o lorsque vous recherchez un \u00e9quivalent fran\u00e7ais \u00e0 un mot anglais.\r\n\r\nUn\u00a0<a href=\"https:\/\/lexiqueludique.com\/plugiciel\">plugiciel<\/a>\u00a0(Disponible sur Chrome) est \u00e9galement disponible en t\u00e9l\u00e9chargement.","text_image":null,"plateforme":"","id_youtube":"","id_vimeo":"","taille_paragraphe":"normale","text_action":null,"style_du_lien":"btn"}],"row_id":"","background_color":"white","mode":"normal","row_padding_bottom":true,"encadre":false,"encadre_background_color":"white","row_couleur_texte":"noir"},{"acf_fc_layout":"text_boxes","row_title":"","row_texts":[{"type":"texte","text_content":"Afin de faciliter la communication en fran\u00e7ais entre les travailleurs de le domaine du jeu vid\u00e9o, il est imp\u00e9ratif que la terminologie puisse \u00eatre implant\u00e9e de mani\u00e8re efficace dans les milieux de travail gr\u00e2ce \u00e0 des outils pratiques adapt\u00e9s au domaine du jeu vid\u00e9o afin que les travailleurs se l\u2019approprient et l\u2019utilisent au quotidien. Voici les diff\u00e9rents objectifs de l\u2019initiative Lexique Ludique.\r\n<ul>\r\n \t<li aria-level=\"1\">Mettre \u00e0 jour et enrichir la terminologie (\u00e0 l\u2019exception des termes concernant les m\u00e9tiers du jeu vid\u00e9o). Cela r\u00e9sultera d\u2019un travail collaboratif entre travailleurs du domaine qui seront assist\u00e9s d\u2019un linguiste, membre de l\u2019ordre des traducteurs.<\/li>\r\n \t<li aria-level=\"1\">Cr\u00e9er un portail web int\u00e9grant la terminologie existante et la page web collaborative permettant aux concepteurs de r\u00e9viser et sugg\u00e9rer de nouveaux termes avec la supervision du linguiste ET la cr\u00e9ation d\u2019un plugiciel s\u2019int\u00e9grant aux navigateurs web, notamment Google chrome, Apple safari, et Microsoft Word utilis\u00e9s par environ 75 % de l\u2019industrie dont les fonctionnalit\u00e9s permettront de surligner les anglicismes, de proposer la terminologie rempla\u00e7ant l\u2019anglicisme, de permettre le choix de correction automatique ou individualis\u00e9e.<\/li>\r\n \t<li aria-level=\"1\">Diffusion et promotion de la nouvelle terminologie et des outils permettant son implantation.<\/li>\r\n<\/ul>\r\n&nbsp;","text_image":null,"plateforme":"","id_youtube":"","id_vimeo":"","taille_paragraphe":"normale","text_action":null,"style_du_lien":"btn"}],"row_id":"","background_color":"mauve","mode":"normal","row_padding_bottom":true,"encadre":false,"encadre_background_color":"white","row_couleur_texte":"noir"},{"acf_fc_layout":"text_boxes","row_title":"","row_texts":[{"type":"video","text_content":"","text_image":null,"plateforme":"vimeo","id_youtube":"","id_vimeo":"592149849","taille_paragraphe":"","text_action":null,"style_du_lien":"btn"}],"row_id":"","background_color":"white","mode":"normal","row_padding_bottom":true,"encadre":false,"encadre_background_color":"white","row_couleur_texte":"noir"},{"acf_fc_layout":"text_boxes","row_title":"","row_texts":[{"type":"texte","text_content":"<p style=\"text-align: center;\"><a class=\"btn\" href=\"https:\/\/lexiqueludique.com\/\" target=\"_blank\" rel=\"noopener\">D\u00e9couvrez le Lexique Ludique<\/a><\/p>","text_image":null,"plateforme":"","id_youtube":"","id_vimeo":"","taille_paragraphe":"normale","text_action":null,"style_du_lien":"btn"}],"row_id":"","background_color":"white","mode":"normal","row_padding_bottom":true,"encadre":false,"encadre_background_color":"white","row_couleur_texte":"noir"},{"acf_fc_layout":"text_boxes","row_title":"","row_texts":[{"type":"video","text_content":"","text_image":null,"plateforme":"vimeo","id_youtube":"","id_vimeo":"760624121","taille_paragraphe":"","text_action":null,"style_du_lien":"btn"},{"type":"video","text_content":"","text_image":null,"plateforme":"vimeo","id_youtube":"","id_vimeo":"592152489","taille_paragraphe":"","text_action":null,"style_du_lien":"btn"},{"type":"video","text_content":"","text_image":null,"plateforme":"vimeo","id_youtube":"","id_vimeo":"714187088","taille_paragraphe":"","text_action":null,"style_du_lien":"btn"}],"row_id":"","background_color":"white","mode":"normal","row_padding_bottom":true,"encadre":false,"encadre_background_color":"white","row_couleur_texte":"noir"},{"acf_fc_layout":"text_boxes","row_title":"","row_texts":[{"type":"texte","text_content":"<p style=\"text-align: left;\">T\u00e9l\u00e9chargez d\u00e8s maintenant le plugiciel du lexique ludique ou utilisez l\u2019outil en ligne !<\/p>","text_image":null,"plateforme":"","id_youtube":"","id_vimeo":"","taille_paragraphe":"large","text_action":{"title":"T\u00e9l\u00e9chargez le plugiciel","url":"https:\/\/lexiqueludique.com\/plugiciel","target":"_blank"},"style_du_lien":"btn-large"}],"row_id":"","background_color":"white","mode":"normal","row_padding_bottom":true,"encadre":true,"encadre_background_color":"blue","row_couleur_texte":"white"},{"acf_fc_layout":"text_boxes","row_title":"","row_texts":[{"type":"image","text_content":"","text_image":6141,"plateforme":"","id_youtube":"","id_vimeo":"","taille_paragraphe":"","text_action":null,"style_du_lien":"btn"},{"type":"texte","text_content":"Quelles sont les traductions fran\u00e7aises de \u201cesport\u201d, \u201cgamers\u201d ou \u201csplit-screen\u201d? Mots de jeux permettra aux utilisateurs de d\u00e9couvrir le bon terme \u00e0 utiliser pour certains des mots anglophones les plus utilis\u00e9s dans le domaine du jeu vid\u00e9o \u00e0 travers une s\u00e9rie de mini-jeux (questionnaires, jeux d\u2019association, etc.). Le joueur y sera oppos\u00e9 \u00e0 un personnage qu\u2019il ou elle devra battre \u00e0 chacune des villes sur la carte virtuelle pour progresser dans son acquisition de connaissances sur l\u2019industrie.","text_image":null,"plateforme":"","id_youtube":"","id_vimeo":"","taille_paragraphe":"normale","text_action":null,"style_du_lien":"btn"},{"type":"video","text_content":"","text_image":null,"plateforme":"vimeo","id_youtube":"","id_vimeo":"510039198","taille_paragraphe":"","text_action":null,"style_du_lien":"btn"}],"row_id":"","background_color":"white","mode":"normal","row_padding_bottom":true,"encadre":false,"encadre_background_color":"white","row_couleur_texte":"noir"},{"acf_fc_layout":"text_boxes","row_title":"","row_texts":[{"type":"texte","text_content":"<p style=\"text-align: center;\"><strong>Pr\u00e9sent\u00e9 par<\/strong><\/p>","text_image":null,"plateforme":"","id_youtube":"","id_vimeo":"","taille_paragraphe":"normale","text_action":null,"style_du_lien":"btn"}],"row_id":"","background_color":"white","mode":"normal","row_padding_bottom":false,"encadre":false,"encadre_background_color":"white","row_couleur_texte":"noir"},{"acf_fc_layout":"text_boxes","row_title":"","row_texts":[{"type":"texte","text_content":"<img class=\"size-full wp-image-1446 aligncenter\" src=\"https:\/\/www.laguilde.quebec\/app\/uploads\/2024\/10\/LogoGuildeNoir_150-png.webp\" alt=\"\" width=\"150\" height=\"150\" \/>","text_image":null,"plateforme":"","id_youtube":"","id_vimeo":"","taille_paragraphe":"normale","text_action":null,"style_du_lien":"btn"},{"type":"texte","text_content":"<img class=\"size-full wp-image-6143 aligncenter\" src=\"https:\/\/www.laguilde.quebec\/app\/uploads\/2024\/11\/Affordance_Logo_Couleur-png.webp\" alt=\"\" width=\"1000\" height=\"1000\" \/>","text_image":null,"plateforme":"","id_youtube":"","id_vimeo":"","taille_paragraphe":"normale","text_action":null,"style_du_lien":"btn"},{"type":"texte","text_content":"<img class=\"size-full wp-image-5657 aligncenter\" src=\"https:\/\/www.laguilde.quebec\/app\/uploads\/2024\/09\/synthese-png.webp\" alt=\"\" width=\"450\" height=\"77\" \/>","text_image":null,"plateforme":"","id_youtube":"","id_vimeo":"","taille_paragraphe":"normale","text_action":null,"style_du_lien":"btn"},{"type":"texte","text_content":"<img class=\"size-full wp-image-6145 aligncenter\" src=\"https:\/\/www.laguilde.quebec\/app\/uploads\/2024\/11\/Untitled-1000-\u00d7-500-px-1-png.webp\" alt=\"\" width=\"982\" height=\"471\" \/>","text_image":null,"plateforme":"","id_youtube":"","id_vimeo":"","taille_paragraphe":"normale","text_action":null,"style_du_lien":"btn"}],"row_id":"","background_color":"white","mode":"normal","row_padding_bottom":true,"encadre":false,"encadre_background_color":"white","row_couleur_texte":"noir"}]},"_links":{"self":[{"href":"https:\/\/www.laguilde.quebec\/en\/wp-json\/wp\/v2\/pages\/6150","targetHints":{"allow":["GET"]}}],"collection":[{"href":"https:\/\/www.laguilde.quebec\/en\/wp-json\/wp\/v2\/pages"}],"about":[{"href":"https:\/\/www.laguilde.quebec\/en\/wp-json\/wp\/v2\/types\/page"}],"author":[{"embeddable":true,"href":"https:\/\/www.laguilde.quebec\/en\/wp-json\/wp\/v2\/users\/1"}],"replies":[{"embeddable":true,"href":"https:\/\/www.laguilde.quebec\/en\/wp-json\/wp\/v2\/comments?post=6150"}],"version-history":[{"count":1,"href":"https:\/\/www.laguilde.quebec\/en\/wp-json\/wp\/v2\/pages\/6150\/revisions"}],"predecessor-version":[{"id":6151,"href":"https:\/\/www.laguilde.quebec\/en\/wp-json\/wp\/v2\/pages\/6150\/revisions\/6151"}],"wp:attachment":[{"href":"https:\/\/www.laguilde.quebec\/en\/wp-json\/wp\/v2\/media?parent=6150"}],"curies":[{"name":"wp","href":"https:\/\/api.w.org\/{rel}","templated":true}]}}